{"id":786,"date":"2023-05-11T17:42:08","date_gmt":"2023-05-11T15:42:08","guid":{"rendered":"https:\/\/www.revico.fr\/energia-verde\/"},"modified":"2023-11-24T10:58:58","modified_gmt":"2023-11-24T09:58:58","slug":"energies-vertes","status":"publish","type":"page","link":"https:\/\/www.revico.fr\/it\/energies-vertes\/","title":{"rendered":"REVICO \u00c9nergies Vertes"},"content":{"rendered":"\t\t<div data-elementor-type=\"wp-page\" data-elementor-id=\"786\" class=\"elementor elementor-786 elementor-200\">\n\t\t\t\t\t\t<div class=\"elementor-inner\">\n\t\t\t\t<div class=\"elementor-section-wrap\">\n\t\t\t\t\t\t\t\t\t<section class=\"elementor-section elementor-top-section elementor-element elementor-element-40751fb5 cspt-col-stretched-none cspt-bg-color-over-image elementor-section-boxed elementor-section-height-default elementor-section-height-default\" data-id=\"40751fb5\" data-element_type=\"section\">\n\t\t\t\t\t\t<div class=\"elementor-container elementor-column-gap-no\">\n\t\t\t\t\t\t\t<div class=\"elementor-row\">\n\t\t\t\t\t<div class=\"elementor-column elementor-col-33 elementor-top-column elementor-element elementor-element-18e67be9 cspt-bg-color-over-image\" data-id=\"18e67be9\" data-element_type=\"column\">\n\t\t\t<div class=\"elementor-column-wrap elementor-element-populated\">\n\t\t\t\t\t\t\t<div class=\"elementor-widget-wrap\">\n\t\t\t\t\t\t<div class=\"elementor-element elementor-element-619d84d9 cspt-align-left elementor-widget elementor-widget-cspt_heading\" data-id=\"619d84d9\" data-element_type=\"widget\" data-widget_type=\"cspt_heading.default\">\n\t\t\t\t<div class=\"elementor-widget-container\">\n\t\t\t\t<div class=\"cspt-heading-subheading left-align cspt-reverse-heading-yes\"><div class=\"cspt-element-subtitle\">\r\n\t\t\t\r\n\t\t\t\tsociet\u00e0 pionieristica\r\n\t\t\t\r\n\t\t\t<\/div>\r\n\t\t<h2 class=\"cspt-element-title\">\r\n\t\t\t\r\n\t\t\t\tUna societ\u00e0 affiliata specializzata nelle energie rinnovabili\r\n\t\t\t\r\n\t\t\t<\/h2>\r\n\t\t<\/div>\t\t<\/div>\n\t\t\t\t<\/div>\n\t\t\t\t\t\t<\/div>\n\t\t\t\t\t<\/div>\n\t\t<\/div>\n\t\t\t\t<div class=\"elementor-column elementor-col-33 elementor-top-column elementor-element elementor-element-2063be71 cspt-bg-color-over-image\" data-id=\"2063be71\" data-element_type=\"column\">\n\t\t\t<div class=\"elementor-column-wrap elementor-element-populated\">\n\t\t\t\t\t\t\t<div class=\"elementor-widget-wrap\">\n\t\t\t\t\t\t<div class=\"elementor-element elementor-element-3213d1a2 elementor-widget elementor-widget-text-editor\" data-id=\"3213d1a2\" data-element_type=\"widget\" data-widget_type=\"text-editor.default\">\n\t\t\t\t<div class=\"elementor-widget-container\">\n\t\t\t\t\t\t\t\t<div class=\"elementor-text-editor elementor-clearfix\">\n\t\t\t\t<p>REVICO \u00e8 un <strong>pioniere<\/strong> nella produzione di <strong>biogas<\/strong> nella regione della Nouvelle Aquitaine, in quanto produce e utilizza biogas dal 1984. \u00c8 stato nel 2009 che \u00e8 stata creata la societ\u00e0 affiliata Revico \u00c9nergies Vertes. Si tratta di una <strong>joint venture<\/strong> tra <strong>REVICO<\/strong> e <strong>Dalkia<\/strong> (societ\u00e0 affiliata di EDF) dedicata alla valorizzazione di biogas da <strong>cogenerazione<\/strong>.<\/p>\n\t\t\t\t\t<\/div>\n\t\t\t\t\t\t<\/div>\n\t\t\t\t<\/div>\n\t\t\t\t\t\t<\/div>\n\t\t\t\t\t<\/div>\n\t\t<\/div>\n\t\t\t\t<div class=\"elementor-column elementor-col-33 elementor-top-column elementor-element elementor-element-66884237 cspt-bg-color-over-image\" data-id=\"66884237\" data-element_type=\"column\">\n\t\t\t<div class=\"elementor-column-wrap elementor-element-populated\">\n\t\t\t\t\t\t\t<div class=\"elementor-widget-wrap\">\n\t\t\t\t\t\t<div class=\"elementor-element elementor-element-63e7ae76 elementor-widget elementor-widget-text-editor\" data-id=\"63e7ae76\" data-element_type=\"widget\" data-widget_type=\"text-editor.default\">\n\t\t\t\t<div class=\"elementor-widget-container\">\n\t\t\t\t\t\t\t\t<div class=\"elementor-text-editor elementor-clearfix\">\n\t\t\t\t<p>Questa valorizzazione viene effettuata tramite due generatori di cogenerazione con una potenza totale di <strong>1,67 MWel<\/strong>.<\/p>\n\t\t\t\t\t<\/div>\n\t\t\t\t\t\t<\/div>\n\t\t\t\t<\/div>\n\t\t\t\t\t\t<\/div>\n\t\t\t\t\t<\/div>\n\t\t<\/div>\n\t\t\t\t\t\t\t\t<\/div>\n\t\t\t\t\t<\/div>\n\t\t<\/section>\n\t\t\t\t<section class=\"elementor-section elementor-top-section elementor-element elementor-element-64e1e41f cspt-col-stretched-left elementor-section-stretched cspt-bg-color-over-image elementor-section-boxed elementor-section-height-default elementor-section-height-default\" data-id=\"64e1e41f\" data-element_type=\"section\" data-settings=\"{&quot;stretch_section&quot;:&quot;section-stretched&quot;,&quot;background_background&quot;:&quot;classic&quot;}\">\n\t\t\t\t\t\t<div class=\"elementor-container elementor-column-gap-default\">\n\t\t\t\t\t\t\t<div class=\"elementor-row\">\n\t\t\t\t\t<div class=\"elementor-column elementor-col-66 elementor-top-column elementor-element elementor-element-5b5e26c8 cspt-bg-color-over-image\" data-id=\"5b5e26c8\" data-element_type=\"column\" data-settings=\"{&quot;background_background&quot;:&quot;classic&quot;}\">\n\t\t\t<div class=\"elementor-column-wrap elementor-element-populated\">\n\t\t\t\t\t\t\t<div class=\"elementor-widget-wrap\">\n\t\t\t\t\t\t<div class=\"elementor-element elementor-element-793d8446 elementor-widget elementor-widget-spacer\" data-id=\"793d8446\" data-element_type=\"widget\" data-widget_type=\"spacer.default\">\n\t\t\t\t<div class=\"elementor-widget-container\">\n\t\t\t\t\t<div class=\"elementor-spacer\">\n\t\t\t<div class=\"elementor-spacer-inner\"><\/div>\n\t\t<\/div>\n\t\t\t\t<\/div>\n\t\t\t\t<\/div>\n\t\t\t\t\t\t<\/div>\n\t\t\t\t\t<\/div>\n\t\t<\/div>\n\t\t\t\t<div class=\"elementor-column elementor-col-33 elementor-top-column elementor-element elementor-element-371ee881 cspt-bg-color-yes cspt-elementor-bg-color-secondary cspt-text-color-white cspt-bg-color-over-image\" data-id=\"371ee881\" data-element_type=\"column\" data-settings=\"{&quot;background_background&quot;:&quot;classic&quot;}\">\n\t\t\t<div class=\"elementor-column-wrap elementor-element-populated\">\n\t\t\t\t\t\t\t<div class=\"elementor-widget-wrap\">\n\t\t\t\t\t\t<div class=\"elementor-element elementor-element-1f6dd029 elementor-widget elementor-widget-heading\" data-id=\"1f6dd029\" data-element_type=\"widget\" data-widget_type=\"heading.default\">\n\t\t\t\t<div class=\"elementor-widget-container\">\n\t\t\t<h3 class=\"elementor-heading-title elementor-size-default\">Cosa si intende per energia verde?<\/h3>\t\t<\/div>\n\t\t\t\t<\/div>\n\t\t\t\t<div class=\"elementor-element elementor-element-44fa9ebd elementor-widget elementor-widget-text-editor\" data-id=\"44fa9ebd\" data-element_type=\"widget\" data-widget_type=\"text-editor.default\">\n\t\t\t\t<div class=\"elementor-widget-container\">\n\t\t\t\t\t\t\t\t<div class=\"elementor-text-editor elementor-clearfix\">\n\t\t\t\t<p>L&#8217;energia verde, o energia rinnovabile, \u00e8 una fonte di energia il cui rinnovamento naturale \u00e8 abbastanza veloce da poter essere considerata inesauribile, considerando la scala temporale umana. Il biogas prodotto dalla metanizzazione della vinaccia dei vigneti pu\u00f2 essere considerato una risorsa rinnovabile.<\/p>\n\t\t\t\t\t<\/div>\n\t\t\t\t\t\t<\/div>\n\t\t\t\t<\/div>\n\t\t\t\t\t\t<\/div>\n\t\t\t\t\t<\/div>\n\t\t<\/div>\n\t\t\t\t\t\t\t\t<\/div>\n\t\t\t\t\t<\/div>\n\t\t<\/section>\n\t\t\t\t<section class=\"elementor-section elementor-top-section elementor-element elementor-element-dc77d7b cspt-col-stretched-right elementor-section-stretched elementor-reverse-tablet elementor-reverse-mobile cspt-bg-color-over-image elementor-section-boxed elementor-section-height-default elementor-section-height-default\" data-id=\"dc77d7b\" data-element_type=\"section\" data-settings=\"{&quot;stretch_section&quot;:&quot;section-stretched&quot;,&quot;background_background&quot;:&quot;classic&quot;}\">\n\t\t\t\t\t\t<div class=\"elementor-container elementor-column-gap-default\">\n\t\t\t\t\t\t\t<div class=\"elementor-row\">\n\t\t\t\t\t<div class=\"elementor-column elementor-col-33 elementor-top-column elementor-element elementor-element-a487b18 cspt-bg-color-yes cspt-elementor-bg-color-light cspt-text-color-white cspt-bg-color-over-image\" data-id=\"a487b18\" data-element_type=\"column\" data-settings=\"{&quot;background_background&quot;:&quot;classic&quot;}\">\n\t\t\t<div class=\"elementor-column-wrap elementor-element-populated\">\n\t\t\t\t\t\t\t<div class=\"elementor-widget-wrap\">\n\t\t\t\t\t\t<div class=\"elementor-element elementor-element-f4dced1 elementor-widget elementor-widget-heading\" data-id=\"f4dced1\" data-element_type=\"widget\" data-widget_type=\"heading.default\">\n\t\t\t\t<div class=\"elementor-widget-container\">\n\t\t\t<h3 class=\"elementor-heading-title elementor-size-default\">Cos'\u00e8 la cogenerazione?<\/h3>\t\t<\/div>\n\t\t\t\t<\/div>\n\t\t\t\t<div class=\"elementor-element elementor-element-ab3f35f elementor-widget elementor-widget-text-editor\" data-id=\"ab3f35f\" data-element_type=\"widget\" data-widget_type=\"text-editor.default\">\n\t\t\t\t<div class=\"elementor-widget-container\">\n\t\t\t\t\t\t\t\t<div class=\"elementor-text-editor elementor-clearfix\">\n\t\t\t\t<p>Il biogas ottenuto dalla metanizzazione alimenta due motori di cogenerazione. La <strong>cogenerazione<\/strong> \u00e8 la <strong>produzione<\/strong> da una fonte di energia primaria di due fonti di energia secondaria: <strong>calore<\/strong> ed <strong>elettricit\u00e0<\/strong>. Sulla piattaforma di cogenerazione REVICO Energies Vertes vengono utilizzati fino a 4.000 kW di energia primaria ottenuta dal biogas prodotto da REVICO. Essiccato e liberato dai principali contaminanti, il <strong>biogas<\/strong> viene <strong>convertito<\/strong> in <strong>elettricit\u00e0<\/strong> e <strong>calore<\/strong> nei due motori termici della piattaforma.<\/p>\n\t\t\t\t\t<\/div>\n\t\t\t\t\t\t<\/div>\n\t\t\t\t<\/div>\n\t\t\t\t\t\t<\/div>\n\t\t\t\t\t<\/div>\n\t\t<\/div>\n\t\t\t\t<div class=\"elementor-column elementor-col-66 elementor-top-column elementor-element elementor-element-bd179dd cspt-bg-color-over-image\" data-id=\"bd179dd\" data-element_type=\"column\" data-settings=\"{&quot;background_background&quot;:&quot;classic&quot;}\">\n\t\t\t<div class=\"elementor-column-wrap elementor-element-populated\">\n\t\t\t\t\t\t\t<div class=\"elementor-widget-wrap\">\n\t\t\t\t\t\t<div class=\"elementor-element elementor-element-db3b317 elementor-widget elementor-widget-spacer\" data-id=\"db3b317\" data-element_type=\"widget\" data-widget_type=\"spacer.default\">\n\t\t\t\t<div class=\"elementor-widget-container\">\n\t\t\t\t\t<div class=\"elementor-spacer\">\n\t\t\t<div class=\"elementor-spacer-inner\"><\/div>\n\t\t<\/div>\n\t\t\t\t<\/div>\n\t\t\t\t<\/div>\n\t\t\t\t\t\t<\/div>\n\t\t\t\t\t<\/div>\n\t\t<\/div>\n\t\t\t\t\t\t\t\t<\/div>\n\t\t\t\t\t<\/div>\n\t\t<\/section>\n\t\t\t\t<section class=\"elementor-section elementor-top-section elementor-element elementor-element-0c0246f cspt-col-stretched-left elementor-section-stretched cspt-bg-color-over-image elementor-section-boxed elementor-section-height-default elementor-section-height-default\" data-id=\"0c0246f\" data-element_type=\"section\" data-settings=\"{&quot;stretch_section&quot;:&quot;section-stretched&quot;,&quot;background_background&quot;:&quot;classic&quot;}\">\n\t\t\t\t\t\t<div class=\"elementor-container elementor-column-gap-default\">\n\t\t\t\t\t\t\t<div class=\"elementor-row\">\n\t\t\t\t\t<div class=\"elementor-column elementor-col-66 elementor-top-column elementor-element elementor-element-5306ece cspt-bg-color-over-image\" data-id=\"5306ece\" data-element_type=\"column\" data-settings=\"{&quot;background_background&quot;:&quot;classic&quot;}\">\n\t\t\t<div class=\"elementor-column-wrap elementor-element-populated\">\n\t\t\t\t\t\t\t<div class=\"elementor-widget-wrap\">\n\t\t\t\t\t\t<div class=\"elementor-element elementor-element-6217fe7 elementor-widget elementor-widget-spacer\" data-id=\"6217fe7\" data-element_type=\"widget\" data-widget_type=\"spacer.default\">\n\t\t\t\t<div class=\"elementor-widget-container\">\n\t\t\t\t\t<div class=\"elementor-spacer\">\n\t\t\t<div class=\"elementor-spacer-inner\"><\/div>\n\t\t<\/div>\n\t\t\t\t<\/div>\n\t\t\t\t<\/div>\n\t\t\t\t\t\t<\/div>\n\t\t\t\t\t<\/div>\n\t\t<\/div>\n\t\t\t\t<div class=\"elementor-column elementor-col-33 elementor-top-column elementor-element elementor-element-7a36289 cspt-bg-color-yes cspt-elementor-bg-color-secondary cspt-text-color-white cspt-bg-color-over-image\" data-id=\"7a36289\" data-element_type=\"column\" data-settings=\"{&quot;background_background&quot;:&quot;classic&quot;}\">\n\t\t\t<div class=\"elementor-column-wrap elementor-element-populated\">\n\t\t\t\t\t\t\t<div class=\"elementor-widget-wrap\">\n\t\t\t\t\t\t<div class=\"elementor-element elementor-element-112b7e1 elementor-widget elementor-widget-heading\" data-id=\"112b7e1\" data-element_type=\"widget\" data-widget_type=\"heading.default\">\n\t\t\t\t<div class=\"elementor-widget-container\">\n\t\t\t<h3 class=\"elementor-heading-title elementor-size-default\">Produzione di energia elettrica<\/h3>\t\t<\/div>\n\t\t\t\t<\/div>\n\t\t\t\t<div class=\"elementor-element elementor-element-eca0c90 elementor-widget elementor-widget-text-editor\" data-id=\"eca0c90\" data-element_type=\"widget\" data-widget_type=\"text-editor.default\">\n\t\t\t\t<div class=\"elementor-widget-container\">\n\t\t\t\t\t\t\t\t<div class=\"elementor-text-editor elementor-clearfix\">\n\t\t\t\t<p>Quando \u00e8 stato avviato nel 2009, la capacit\u00e0 di cogenerazione installata era di 800 kWel.<br \/>\nLa capacit\u00e0 installata \u00e8 gradualmente raddoppiata (da 800 kWel a 1.670 kWel) a seguito dell&#8217;aumento della produzione di vinacce e quindi della quantit\u00e0 di biogas.<br \/>\nNel 2021, REVICO Energies Vertes ha sostituito le ultime cinque turbine con un motore da 1 MWel.<br \/>\nNel 2022, REVICO Energies Vertes ha prodotto circa 11 GW.h di elettricit\u00e0, pari al consumo di circa 2.500 famiglie.<\/p>\n\t\t\t\t\t<\/div>\n\t\t\t\t\t\t<\/div>\n\t\t\t\t<\/div>\n\t\t\t\t\t\t<\/div>\n\t\t\t\t\t<\/div>\n\t\t<\/div>\n\t\t\t\t\t\t\t\t<\/div>\n\t\t\t\t\t<\/div>\n\t\t<\/section>\n\t\t\t\t<section class=\"elementor-section elementor-top-section elementor-element elementor-element-019582f cspt-col-stretched-right elementor-section-stretched elementor-reverse-tablet elementor-reverse-mobile cspt-bg-color-over-image elementor-section-boxed elementor-section-height-default elementor-section-height-default\" data-id=\"019582f\" data-element_type=\"section\" data-settings=\"{&quot;stretch_section&quot;:&quot;section-stretched&quot;,&quot;background_background&quot;:&quot;classic&quot;}\">\n\t\t\t\t\t\t<div class=\"elementor-container elementor-column-gap-default\">\n\t\t\t\t\t\t\t<div class=\"elementor-row\">\n\t\t\t\t\t<div class=\"elementor-column elementor-col-33 elementor-top-column elementor-element elementor-element-db64989 cspt-bg-color-yes cspt-elementor-bg-color-light cspt-text-color-white cspt-bg-color-over-image\" data-id=\"db64989\" data-element_type=\"column\" data-settings=\"{&quot;background_background&quot;:&quot;classic&quot;}\">\n\t\t\t<div class=\"elementor-column-wrap elementor-element-populated\">\n\t\t\t\t\t\t\t<div class=\"elementor-widget-wrap\">\n\t\t\t\t\t\t<div class=\"elementor-element elementor-element-6c21cb6 elementor-widget elementor-widget-heading\" data-id=\"6c21cb6\" data-element_type=\"widget\" data-widget_type=\"heading.default\">\n\t\t\t\t<div class=\"elementor-widget-container\">\n\t\t\t<h3 class=\"elementor-heading-title elementor-size-default\">Produzione di acqua calda<\/h3>\t\t<\/div>\n\t\t\t\t<\/div>\n\t\t\t\t<div class=\"elementor-element elementor-element-01a3296 elementor-widget elementor-widget-text-editor\" data-id=\"01a3296\" data-element_type=\"widget\" data-widget_type=\"text-editor.default\">\n\t\t\t\t<div class=\"elementor-widget-container\">\n\t\t\t\t\t\t\t\t<div class=\"elementor-text-editor elementor-clearfix\">\n\t\t\t\t<p><strong>L&#8217;energia termica<\/strong> contenuta nei gas di combustione del biogas viene trasferita ad una rete di acqua calda tramite uno scambiatore gas\/acqua.<br \/>\n<strong>L&#8217;acqua calda<\/strong> cos\u00ec generata viene utilizzata su alcune apparecchiature REVICO e viene utilizzata anche per riscaldare le <strong>serre orticole<\/strong> della citt\u00e0 di <strong>Cognac<\/strong>.<\/p>\n\t\t\t\t\t<\/div>\n\t\t\t\t\t\t<\/div>\n\t\t\t\t<\/div>\n\t\t\t\t\t\t<\/div>\n\t\t\t\t\t<\/div>\n\t\t<\/div>\n\t\t\t\t<div class=\"elementor-column elementor-col-66 elementor-top-column elementor-element elementor-element-062a1cd cspt-bg-color-over-image\" data-id=\"062a1cd\" data-element_type=\"column\" data-settings=\"{&quot;background_background&quot;:&quot;classic&quot;}\">\n\t\t\t<div class=\"elementor-column-wrap elementor-element-populated\">\n\t\t\t\t\t\t\t<div class=\"elementor-widget-wrap\">\n\t\t\t\t\t\t<div class=\"elementor-element elementor-element-99bc433 elementor-widget elementor-widget-spacer\" data-id=\"99bc433\" data-element_type=\"widget\" data-widget_type=\"spacer.default\">\n\t\t\t\t<div class=\"elementor-widget-container\">\n\t\t\t\t\t<div class=\"elementor-spacer\">\n\t\t\t<div class=\"elementor-spacer-inner\"><\/div>\n\t\t<\/div>\n\t\t\t\t<\/div>\n\t\t\t\t<\/div>\n\t\t\t\t\t\t<\/div>\n\t\t\t\t\t<\/div>\n\t\t<\/div>\n\t\t\t\t\t\t\t\t<\/div>\n\t\t\t\t\t<\/div>\n\t\t<\/section>\n\t\t\t\t\t\t\t\t\t<\/div>\n\t\t\t<\/div>\n\t\t\t\t\t<\/div>\n\t\t","protected":false},"excerpt":{"rendered":"<p>societ\u00e0 pionieristica Una societ\u00e0 affiliata specializzata nelle energie rinnovabili REVICO \u00e8 un pioniere nella produzione di biogas nella regione della Nouvelle Aquitaine, in quanto produce e utilizza biogas dal 1984. \u00c8 stato nel 2009 che \u00e8 stata creata la societ\u00e0 affiliata Revico \u00c9nergies Vertes. Si tratta di una joint venture tra REVICO e Dalkia (societ\u00e0 affiliata di EDF) dedicata alla valorizzazione di biogas da cogenerazione. Questa valorizzazione viene effettuata tramite[&hellip;]<\/p>\n","protected":false},"author":2208,"featured_media":0,"parent":0,"menu_order":0,"comment_status":"closed","ping_status":"closed","template":"","meta":{"inline_featured_image":false},"acf":[],"yoast_head":"<title>Energie rinnovabili | REVICO \u00c9nergies Vertes<\/title>\n<meta name=\"description\" content=\"Revico \u00e9nergies vertes, una filiale specializzata in energie rinnovabili. Dal 1984 produce biogas attraverso la metanizzazione.\" \/>\n<meta name=\"robots\" content=\"index, follow, max-snippet:-1, max-image-preview:large, max-video-preview:-1\" \/>\n<link rel=\"canonical\" href=\"https:\/\/www.revico.fr\/it\/energies-vertes\/\" \/>\n<meta property=\"og:locale\" content=\"it_IT\" \/>\n<meta property=\"og:type\" content=\"article\" \/>\n<meta property=\"og:title\" content=\"Energie rinnovabili | REVICO \u00c9nergies Vertes\" \/>\n<meta property=\"og:description\" content=\"Revico \u00e9nergies vertes, una filiale specializzata in energie rinnovabili. Dal 1984 produce biogas attraverso la metanizzazione.\" \/>\n<meta property=\"og:url\" content=\"https:\/\/www.revico.fr\/it\/energies-vertes\/\" \/>\n<meta property=\"og:site_name\" content=\"REVICO\" \/>\n<meta property=\"article:modified_time\" content=\"2023-11-24T09:58:58+00:00\" \/>\n<meta property=\"og:image\" content=\"https:\/\/www.revico.fr\/wp-content\/uploads\/revico-share.jpg\" \/>\n\t<meta property=\"og:image:width\" content=\"1200\" \/>\n\t<meta property=\"og:image:height\" content=\"630\" \/>\n\t<meta property=\"og:image:type\" content=\"image\/jpeg\" \/>\n<meta name=\"twitter:card\" content=\"summary_large_image\" \/>\n<meta name=\"twitter:label1\" content=\"Tempo di lettura stimato\" \/>\n\t<meta name=\"twitter:data1\" content=\"2 minuti\" \/>\n<script type=\"application\/ld+json\" class=\"yoast-schema-graph\">{\"@context\":\"https:\/\/schema.org\",\"@graph\":[{\"@type\":\"WebPage\",\"@id\":\"https:\/\/www.revico.fr\/it\/energies-vertes\/\",\"url\":\"https:\/\/www.revico.fr\/it\/energies-vertes\/\",\"name\":\"Energie rinnovabili | REVICO \u00c9nergies Vertes\",\"isPartOf\":{\"@id\":\"https:\/\/www.revico.fr\/it\/#website\"},\"datePublished\":\"2023-05-11T15:42:08+00:00\",\"dateModified\":\"2023-11-24T09:58:58+00:00\",\"description\":\"Revico \u00e9nergies vertes, una filiale specializzata in energie rinnovabili. Dal 1984 produce biogas attraverso la metanizzazione.\",\"breadcrumb\":{\"@id\":\"https:\/\/www.revico.fr\/it\/energies-vertes\/#breadcrumb\"},\"inLanguage\":\"it-IT\",\"potentialAction\":[{\"@type\":\"ReadAction\",\"target\":[\"https:\/\/www.revico.fr\/it\/energies-vertes\/\"]}]},{\"@type\":\"BreadcrumbList\",\"@id\":\"https:\/\/www.revico.fr\/it\/energies-vertes\/#breadcrumb\",\"itemListElement\":[{\"@type\":\"ListItem\",\"position\":1,\"name\":\"Accueil\",\"item\":\"https:\/\/www.revico.fr\/it\/\"},{\"@type\":\"ListItem\",\"position\":2,\"name\":\"REVICO \u00c9nergies Vertes\"}]},{\"@type\":\"WebSite\",\"@id\":\"https:\/\/www.revico.fr\/it\/#website\",\"url\":\"https:\/\/www.revico.fr\/it\/\",\"name\":\"REVICO\",\"description\":\"\",\"publisher\":{\"@id\":\"https:\/\/www.revico.fr\/it\/#organization\"},\"potentialAction\":[{\"@type\":\"SearchAction\",\"target\":{\"@type\":\"EntryPoint\",\"urlTemplate\":\"https:\/\/www.revico.fr\/it\/?s={search_term_string}\"},\"query-input\":\"required name=search_term_string\"}],\"inLanguage\":\"it-IT\"},{\"@type\":\"Organization\",\"@id\":\"https:\/\/www.revico.fr\/it\/#organization\",\"name\":\"REVICO\",\"url\":\"https:\/\/www.revico.fr\/it\/\",\"logo\":{\"@type\":\"ImageObject\",\"inLanguage\":\"it-IT\",\"@id\":\"https:\/\/www.revico.fr\/it\/#\/schema\/logo\/image\/\",\"url\":\"https:\/\/www.revico.fr\/wp-content\/uploads\/revico-logo.svg\",\"contentUrl\":\"https:\/\/www.revico.fr\/wp-content\/uploads\/revico-logo.svg\",\"width\":368,\"height\":207,\"caption\":\"REVICO\"},\"image\":{\"@id\":\"https:\/\/www.revico.fr\/it\/#\/schema\/logo\/image\/\"},\"sameAs\":[\"https:\/\/fr.linkedin.com\/company\/revico-snc\"]}]}<\/script>","yoast_head_json":{"title":"Energie rinnovabili | REVICO \u00c9nergies Vertes","description":"Revico \u00e9nergies vertes, una filiale specializzata in energie rinnovabili. Dal 1984 produce biogas attraverso la metanizzazione.","robots":{"index":"index","follow":"follow","max-snippet":"max-snippet:-1","max-image-preview":"max-image-preview:large","max-video-preview":"max-video-preview:-1"},"canonical":"https:\/\/www.revico.fr\/it\/energies-vertes\/","og_locale":"it_IT","og_type":"article","og_title":"Energie rinnovabili | REVICO \u00c9nergies Vertes","og_description":"Revico \u00e9nergies vertes, una filiale specializzata in energie rinnovabili. Dal 1984 produce biogas attraverso la metanizzazione.","og_url":"https:\/\/www.revico.fr\/it\/energies-vertes\/","og_site_name":"REVICO","article_modified_time":"2023-11-24T09:58:58+00:00","og_image":[{"width":1200,"height":630,"url":"https:\/\/www.revico.fr\/wp-content\/uploads\/revico-share.jpg","type":"image\/jpeg"}],"twitter_card":"summary_large_image","twitter_misc":{"Tempo di lettura stimato":"2 minuti"},"schema":{"@context":"https:\/\/schema.org","@graph":[{"@type":"WebPage","@id":"https:\/\/www.revico.fr\/it\/energies-vertes\/","url":"https:\/\/www.revico.fr\/it\/energies-vertes\/","name":"Energie rinnovabili | REVICO \u00c9nergies Vertes","isPartOf":{"@id":"https:\/\/www.revico.fr\/it\/#website"},"datePublished":"2023-05-11T15:42:08+00:00","dateModified":"2023-11-24T09:58:58+00:00","description":"Revico \u00e9nergies vertes, una filiale specializzata in energie rinnovabili. Dal 1984 produce biogas attraverso la metanizzazione.","breadcrumb":{"@id":"https:\/\/www.revico.fr\/it\/energies-vertes\/#breadcrumb"},"inLanguage":"it-IT","potentialAction":[{"@type":"ReadAction","target":["https:\/\/www.revico.fr\/it\/energies-vertes\/"]}]},{"@type":"BreadcrumbList","@id":"https:\/\/www.revico.fr\/it\/energies-vertes\/#breadcrumb","itemListElement":[{"@type":"ListItem","position":1,"name":"Accueil","item":"https:\/\/www.revico.fr\/it\/"},{"@type":"ListItem","position":2,"name":"REVICO \u00c9nergies Vertes"}]},{"@type":"WebSite","@id":"https:\/\/www.revico.fr\/it\/#website","url":"https:\/\/www.revico.fr\/it\/","name":"REVICO","description":"","publisher":{"@id":"https:\/\/www.revico.fr\/it\/#organization"},"potentialAction":[{"@type":"SearchAction","target":{"@type":"EntryPoint","urlTemplate":"https:\/\/www.revico.fr\/it\/?s={search_term_string}"},"query-input":"required name=search_term_string"}],"inLanguage":"it-IT"},{"@type":"Organization","@id":"https:\/\/www.revico.fr\/it\/#organization","name":"REVICO","url":"https:\/\/www.revico.fr\/it\/","logo":{"@type":"ImageObject","inLanguage":"it-IT","@id":"https:\/\/www.revico.fr\/it\/#\/schema\/logo\/image\/","url":"https:\/\/www.revico.fr\/wp-content\/uploads\/revico-logo.svg","contentUrl":"https:\/\/www.revico.fr\/wp-content\/uploads\/revico-logo.svg","width":368,"height":207,"caption":"REVICO"},"image":{"@id":"https:\/\/www.revico.fr\/it\/#\/schema\/logo\/image\/"},"sameAs":["https:\/\/fr.linkedin.com\/company\/revico-snc"]}]}},"_links":{"self":[{"href":"https:\/\/www.revico.fr\/it\/wp-json\/wp\/v2\/pages\/786"}],"collection":[{"href":"https:\/\/www.revico.fr\/it\/wp-json\/wp\/v2\/pages"}],"about":[{"href":"https:\/\/www.revico.fr\/it\/wp-json\/wp\/v2\/types\/page"}],"author":[{"embeddable":true,"href":"https:\/\/www.revico.fr\/it\/wp-json\/wp\/v2\/users\/2208"}],"replies":[{"embeddable":true,"href":"https:\/\/www.revico.fr\/it\/wp-json\/wp\/v2\/comments?post=786"}],"version-history":[{"count":0,"href":"https:\/\/www.revico.fr\/it\/wp-json\/wp\/v2\/pages\/786\/revisions"}],"wp:attachment":[{"href":"https:\/\/www.revico.fr\/it\/wp-json\/wp\/v2\/media?parent=786"}],"curies":[{"name":"wp","href":"https:\/\/api.w.org\/{rel}","templated":true}]}}